{"id":584,"date":"2024-07-09T11:20:50","date_gmt":"2024-07-09T09:20:50","guid":{"rendered":"https:\/\/victorialanguages.com\/skontaktuj-sie-z-nami\/"},"modified":"2025-05-13T11:31:05","modified_gmt":"2025-05-13T09:31:05","slug":"skontaktuj-sie-z-nami","status":"publish","type":"page","link":"https:\/\/victorialanguages.com\/pl\/skontaktuj-sie-z-nami\/","title":{"rendered":"Skontaktuj si\u0119 z nami"},"content":{"rendered":"\t\t<div data-elementor-type=\"wp-page\" data-elementor-id=\"584\" class=\"elementor elementor-584 elementor-346\" data-elementor-post-type=\"page\">\n\t\t\t\t<div class=\"elementor-element elementor-element-3da09a9 e-con-full e-flex e-con e-parent\" data-id=\"3da09a9\" data-element_type=\"container\" data-e-type=\"container\" data-settings=\"{&quot;background_background&quot;:&quot;classic&quot;}\">\n\t\t\t\t<div class=\"elementor-element elementor-element-ba43754 elementor-invisible elementor-widget elementor-widget-heading\" data-id=\"ba43754\" data-element_type=\"widget\" data-e-type=\"widget\" data-settings=\"{&quot;_animation&quot;:&quot;fadeInUp&quot;,&quot;_animation_delay&quot;:600}\" data-widget_type=\"heading.default\">\n\t\t\t\t\t<h2 class=\"elementor-heading-title elementor-size-default\">Skontaktuj si\u0119 z nami<\/h2>\t\t\t\t<\/div>\n\t\t\t\t<\/div>\n\t\t<div class=\"elementor-element elementor-element-7d7017f e-con-full e-flex e-con e-parent\" data-id=\"7d7017f\" data-element_type=\"container\" data-e-type=\"container\">\n\t\t<div class=\"elementor-element elementor-element-28c4097 e-con-full e-flex e-con e-child\" data-id=\"28c4097\" data-element_type=\"container\" data-e-type=\"container\">\n\t\t\t\t<div class=\"elementor-element elementor-element-b096a62 elementor-invisible elementor-widget elementor-widget-heading\" data-id=\"b096a62\" data-element_type=\"widget\" data-e-type=\"widget\" data-settings=\"{&quot;_animation&quot;:&quot;fadeInUp&quot;,&quot;_animation_delay&quot;:400}\" data-widget_type=\"heading.default\">\n\t\t\t\t\t<h2 class=\"elementor-heading-title elementor-size-default\">Skontaktuj si\u0119 z nami<\/h2>\t\t\t\t<\/div>\n\t\t\t\t<div class=\"elementor-element elementor-element-bfdd103 elementor-widget elementor-widget-spacer\" data-id=\"bfdd103\" data-element_type=\"widget\" data-e-type=\"widget\" data-widget_type=\"spacer.default\">\n\t\t\t\t\t\t\t<div class=\"elementor-spacer\">\n\t\t\t<div class=\"elementor-spacer-inner\"><\/div>\n\t\t<\/div>\n\t\t\t\t\t\t<\/div>\n\t\t<div class=\"elementor-element elementor-element-ed60b5f e-con-full e-flex e-con e-child\" data-id=\"ed60b5f\" data-element_type=\"container\" data-e-type=\"container\">\n\t\t<div class=\"elementor-element elementor-element-d574377 e-con-full e-flex e-con e-child\" data-id=\"d574377\" data-element_type=\"container\" data-e-type=\"container\">\n\t\t\t\t<div class=\"elementor-element elementor-element-cfc03d6 elementor-invisible elementor-widget elementor-widget-text-editor\" data-id=\"cfc03d6\" data-element_type=\"widget\" data-e-type=\"widget\" data-settings=\"{&quot;_animation&quot;:&quot;fadeIn&quot;,&quot;_animation_delay&quot;:500}\" data-widget_type=\"text-editor.default\">\n\t\t\t\t\t\t\t\t\t<p>Garrotxa 5<br \/><span style=\"color: #232f5d;\">17006 Girona, HISZPANIA<\/span><\/p>\n\t\t\t\t\t\t\t\t<\/div>\n\t\t\t\t<\/div>\n\t\t<div class=\"elementor-element elementor-element-17189db e-con-full e-flex e-con e-child\" data-id=\"17189db\" data-element_type=\"container\" data-e-type=\"container\">\n\t\t\t\t<div class=\"elementor-element elementor-element-533eda6 elementor-invisible elementor-widget elementor-widget-text-editor\" data-id=\"533eda6\" data-element_type=\"widget\" data-e-type=\"widget\" data-settings=\"{&quot;_animation&quot;:&quot;fadeIn&quot;,&quot;_animation_delay&quot;:500}\" data-widget_type=\"text-editor.default\">\n\t\t\t\t\t\t\t\t\t<p><span style=\"color: #232f5d;\"><a style=\"color: #232f5d;\" href=\"tel:677162480\" target=\"_blank\" rel=\"noopener\">677162480<\/a><\/span><br \/><span style=\"color: #232f5d;\"><a style=\"color: #232f5d;\" href=\"mailto:victoria@victorialanguages.com\" target=\"_blank\" rel=\"noopener\">victoria@victorialanguages.com<\/a><\/span><\/p>\n\t\t\t\t\t\t\t\t<\/div>\n\t\t\t\t<\/div>\n\t\t\t\t<\/div>\n\t\t<div class=\"elementor-element elementor-element-63b0363 e-con-full e-flex e-con e-child\" data-id=\"63b0363\" data-element_type=\"container\" data-e-type=\"container\">\n\t\t<div class=\"elementor-element elementor-element-7641fd0 e-con-full e-flex e-con e-child\" data-id=\"7641fd0\" data-element_type=\"container\" data-e-type=\"container\">\n\t\t\t\t<div class=\"elementor-element elementor-element-51a3830 elementor-button-align-end elementor-mobile-button-align-stretch elementor-invisible elementor-widget elementor-widget-form\" data-id=\"51a3830\" data-element_type=\"widget\" data-e-type=\"widget\" data-settings=\"{&quot;step_next_label&quot;:&quot;Nast\\u0119pny&quot;,&quot;step_previous_label&quot;:&quot;Dawny&quot;,&quot;_animation&quot;:&quot;fadeIn&quot;,&quot;_animation_delay&quot;:400,&quot;button_width&quot;:&quot;100&quot;,&quot;step_type&quot;:&quot;number_text&quot;,&quot;step_icon_shape&quot;:&quot;circle&quot;}\" data-widget_type=\"form.default\">\n\t\t\t\t\t\t\t<form class=\"elementor-form\" method=\"post\" name=\"Formularz kontaktowy\" aria-label=\"Formularz kontaktowy\">\n\t\t\t<input type=\"hidden\" name=\"post_id\" value=\"584\"\/>\n\t\t\t<input type=\"hidden\" name=\"form_id\" value=\"51a3830\"\/>\n\t\t\t<input type=\"hidden\" name=\"referer_title\" value=\"Kontakt - Victoria Languages | Szko\u0142a j\u0119zykowa w Gironie\" \/>\n\n\t\t\t\t\t\t\t<input type=\"hidden\" name=\"queried_id\" value=\"584\"\/>\n\t\t\t\n\t\t\t<div class=\"elementor-form-fields-wrapper elementor-labels-\">\n\t\t\t\t\t\t\t\t<div class=\"elementor-field-type-text elementor-field-group elementor-column elementor-field-group-name elementor-col-100 elementor-field-required\">\n\t\t\t\t\t\t\t\t\t\t\t\t<label for=\"form-field-name\" class=\"elementor-field-label elementor-screen-only\">\n\t\t\t\t\t\t\t\tImi\u0119 i nazwisko\t\t\t\t\t\t\t<\/label>\n\t\t\t\t\t\t\t\t\t\t\t\t\t\t<input size=\"1\" type=\"text\" name=\"form_fields[name]\" id=\"form-field-name\" class=\"elementor-field elementor-size-sm  elementor-field-textual\" placeholder=\"Imi\u0119 i nazwisko\" required=\"required\">\n\t\t\t\t\t\t\t\t\t\t\t<\/div>\n\t\t\t\t\t\t\t\t<div class=\"elementor-field-type-email elementor-field-group elementor-column elementor-field-group-email elementor-col-100 elementor-field-required\">\n\t\t\t\t\t\t\t\t\t\t\t\t<label for=\"form-field-email\" class=\"elementor-field-label elementor-screen-only\">\n\t\t\t\t\t\t\t\tE-mail\t\t\t\t\t\t\t<\/label>\n\t\t\t\t\t\t\t\t\t\t\t\t\t\t<input size=\"1\" type=\"email\" name=\"form_fields[email]\" id=\"form-field-email\" class=\"elementor-field elementor-size-sm  elementor-field-textual\" placeholder=\"E-mail\" required=\"required\">\n\t\t\t\t\t\t\t\t\t\t\t<\/div>\n\t\t\t\t\t\t\t\t<div class=\"elementor-field-type-textarea elementor-field-group elementor-column elementor-field-group-message elementor-col-100\">\n\t\t\t\t\t\t\t\t\t\t\t\t<label for=\"form-field-message\" class=\"elementor-field-label elementor-screen-only\">\n\t\t\t\t\t\t\t\tWiadomo\u015b\u0107\t\t\t\t\t\t\t<\/label>\n\t\t\t\t\t\t<textarea class=\"elementor-field-textual elementor-field  elementor-size-sm\" name=\"form_fields[message]\" id=\"form-field-message\" rows=\"4\" placeholder=\"Wiadomo\u015b\u0107\"><\/textarea>\t\t\t\t<\/div>\n\t\t\t\t\t\t\t\t<div class=\"elementor-field-type-acceptance elementor-field-group elementor-column elementor-field-group-field_f33c974 elementor-col-100\">\n\t\t\t\t\t\t\t\t\t\t\t\t<label for=\"form-field-field_f33c974\" class=\"elementor-field-label elementor-screen-only\">\n\t\t\t\t\t\t\t\tPolityka prywatno\u015bci\t\t\t\t\t\t\t<\/label>\n\t\t\t\t\t\t\t\t<div class=\"elementor-field-subgroup\">\n\t\t\t<span class=\"elementor-field-option\">\n\t\t\t\t<input type=\"checkbox\" name=\"form_fields[field_f33c974]\" id=\"form-field-field_f33c974\" class=\"elementor-field elementor-size-sm  elementor-acceptance-field\">\n\t\t\t\t<label for=\"form-field-field_f33c974\"><p style=\"font-size:12px;\">Akceptuj\u0119 <b>polityk\u0119 prywatno\u015bci.<\/b><\/p><\/label>\t\t\t<\/span>\n\t\t<\/div>\n\t\t\t\t\t\t<\/div>\n\t\t\t\t\t\t\t\t<div class=\"elementor-field-type-recaptcha_v3 elementor-field-group elementor-column elementor-field-group-field_f893673 elementor-col-100 recaptcha_v3-bottomright\">\n\t\t\t\t\t<div class=\"elementor-field\" id=\"form-field-field_f893673\"><div class=\"elementor-g-recaptcha\" data-sitekey=\"6Ld6TwoqAAAAANUzrJKHZFnyT_GJyWjMbAggzH2y\" data-type=\"v3\" data-action=\"Form\" data-badge=\"bottomright\" data-size=\"invisible\"><\/div><\/div>\t\t\t\t<\/div>\n\t\t\t\t\t\t\t\t<div class=\"elementor-field-group elementor-column elementor-field-type-submit elementor-col-100 e-form__buttons\">\n\t\t\t\t\t<button class=\"elementor-button elementor-size-sm\" type=\"submit\">\n\t\t\t\t\t\t<span class=\"elementor-button-content-wrapper\">\n\t\t\t\t\t\t\t\t\t\t\t\t\t\t\t<span class=\"elementor-button-icon\">\n\t\t\t\t\t\t\t\t\t<svg aria-hidden=\"true\" class=\"e-font-icon-svg e-fas-arrow-right\" viewBox=\"0 0 448 512\" xmlns=\"http:\/\/www.w3.org\/2000\/svg\"><path d=\"M190.5 66.9l22.2-22.2c9.4-9.4 24.6-9.4 33.9 0L441 239c9.4 9.4 9.4 24.6 0 33.9L246.6 467.3c-9.4 9.4-24.6 9.4-33.9 0l-22.2-22.2c-9.5-9.5-9.3-25 .4-34.3L311.4 296H24c-13.3 0-24-10.7-24-24v-32c0-13.3 10.7-24 24-24h287.4L190.9 101.2c-9.8-9.3-10-24.8-.4-34.3z\"><\/path><\/svg>\t\t\t\t\t\t\t\t\t\t\t\t\t\t\t\t\t<\/span>\n\t\t\t\t\t\t\t\t\t\t\t\t\t\t\t\t\t\t\t\t\t\t<span class=\"elementor-button-text\">Wys\u0142a\u0107<\/span>\n\t\t\t\t\t\t\t\t\t\t\t\t\t<\/span>\n\t\t\t\t\t<\/button>\n\t\t\t\t<\/div>\n\t\t\t<\/div>\n\t\t<\/form>\n\t\t\t\t\t\t<\/div>\n\t\t\t\t<\/div>\n\t\t\t\t<\/div>\n\t\t\t\t<\/div>\n\t\t<div class=\"elementor-element elementor-element-53ddd71 e-con-full e-flex e-con e-child\" data-id=\"53ddd71\" data-element_type=\"container\" data-e-type=\"container\">\n\t\t\t\t<div class=\"elementor-element elementor-element-927db8a elementor-widget elementor-widget-google_maps\" data-id=\"927db8a\" data-element_type=\"widget\" data-e-type=\"widget\" data-widget_type=\"google_maps.default\">\n\t\t\t\t\t\t\t<div class=\"elementor-custom-embed\">\n\t\t\t<iframe loading=\"lazy\"\n\t\t\t\t\tsrc=\"https:\/\/maps.google.com\/maps?q=Victoria%20Ludwika%20Gu%C3%ADa%20turismo%2FProfesora%20de%20ingl%C3%A9sDocente&#038;t=m&#038;z=12&#038;output=embed&#038;iwloc=near\"\n\t\t\t\t\ttitle=\"Victoria Ludwika Gu\u00eda turismo\/Profesora de ingl\u00e9sDocente\"\n\t\t\t\t\taria-label=\"Victoria Ludwika Gu\u00eda turismo\/Profesora de ingl\u00e9sDocente\"\n\t\t\t><\/iframe>\n\t\t<\/div>\n\t\t\t\t\t\t<\/div>\n\t\t\t\t<\/div>\n\t\t\t\t<\/div>\n\t\t<div class=\"elementor-element elementor-element-569b8b0 e-flex e-con-boxed e-con e-parent\" data-id=\"569b8b0\" data-element_type=\"container\" data-e-type=\"container\" data-settings=\"{&quot;background_background&quot;:&quot;classic&quot;}\">\n\t\t\t\t\t<div class=\"e-con-inner\">\n\t\t<div class=\"elementor-element elementor-element-70ace3c e-con-full e-flex e-con e-child\" data-id=\"70ace3c\" data-element_type=\"container\" data-e-type=\"container\">\n\t\t<div class=\"elementor-element elementor-element-93b6b0c e-con-full e-flex e-con e-child\" data-id=\"93b6b0c\" data-element_type=\"container\" data-e-type=\"container\">\n\t\t<div class=\"elementor-element elementor-element-06c3c6b e-con-full e-flex e-con e-child\" data-id=\"06c3c6b\" data-element_type=\"container\" data-e-type=\"container\">\n\t\t\t\t<div class=\"elementor-element elementor-element-dbd09e9 elementor-invisible elementor-widget elementor-widget-heading\" data-id=\"dbd09e9\" data-element_type=\"widget\" data-e-type=\"widget\" data-settings=\"{&quot;_animation&quot;:&quot;fadeInUp&quot;,&quot;_animation_delay&quot;:400}\" data-widget_type=\"heading.default\">\n\t\t\t\t\t<h2 class=\"elementor-heading-title elementor-size-default\">Dlaczego warto<br>nas wybra\u0107?<\/h2>\t\t\t\t<\/div>\n\t\t\t\t<\/div>\n\t\t<div class=\"elementor-element elementor-element-ab05237 e-con-full e-flex e-con e-child\" data-id=\"ab05237\" data-element_type=\"container\" data-e-type=\"container\">\n\t\t\t\t<div class=\"elementor-element elementor-element-af93759 elementor-invisible elementor-widget elementor-widget-text-editor\" data-id=\"af93759\" data-element_type=\"widget\" data-e-type=\"widget\" data-settings=\"{&quot;_animation&quot;:&quot;fadeIn&quot;,&quot;_animation_delay&quot;:500}\" data-widget_type=\"text-editor.default\">\n\t\t\t\t\t\t\t\t\t<p><em>Victoria Language Courses<\/em> posiada zesp\u00f3\u0142 wykwalifikowanych i wysoce elastycznych profesjonalist\u00f3w.<\/p>\n\t\t\t\t\t\t\t\t<\/div>\n\t\t\t\t<\/div>\n\t\t<div class=\"elementor-element elementor-element-55e1849 e-con-full e-flex e-con e-child\" data-id=\"55e1849\" data-element_type=\"container\" data-e-type=\"container\">\n\t\t\t\t<div class=\"elementor-element elementor-element-2612bf5 elementor-icon-list--layout-inline elementor-align-end e-transform elementor-list-item-link-full_width elementor-widget elementor-widget-icon-list\" data-id=\"2612bf5\" data-element_type=\"widget\" data-e-type=\"widget\" data-settings=\"{&quot;_transform_translateX_effect_hover&quot;:{&quot;unit&quot;:&quot;px&quot;,&quot;size&quot;:5,&quot;sizes&quot;:[]},&quot;_transform_translateX_effect_hover_tablet&quot;:{&quot;unit&quot;:&quot;px&quot;,&quot;size&quot;:&quot;&quot;,&quot;sizes&quot;:[]},&quot;_transform_translateX_effect_hover_mobile&quot;:{&quot;unit&quot;:&quot;px&quot;,&quot;size&quot;:&quot;&quot;,&quot;sizes&quot;:[]},&quot;_transform_translateY_effect_hover&quot;:{&quot;unit&quot;:&quot;px&quot;,&quot;size&quot;:&quot;&quot;,&quot;sizes&quot;:[]},&quot;_transform_translateY_effect_hover_tablet&quot;:{&quot;unit&quot;:&quot;px&quot;,&quot;size&quot;:&quot;&quot;,&quot;sizes&quot;:[]},&quot;_transform_translateY_effect_hover_mobile&quot;:{&quot;unit&quot;:&quot;px&quot;,&quot;size&quot;:&quot;&quot;,&quot;sizes&quot;:[]}}\" data-widget_type=\"icon-list.default\">\n\t\t\t\t\t\t\t<ul class=\"elementor-icon-list-items elementor-inline-items\">\n\t\t\t\t\t\t\t<li class=\"elementor-icon-list-item elementor-inline-item\">\n\t\t\t\t\t\t\t\t\t\t\t<a href=\"https:\/\/victorialanguages.com\/pl\/czym-sie-wyrozniamy\/\">\n\n\t\t\t\t\t\t\t\t\t\t\t<span class=\"elementor-icon-list-text\">Dlaczego warto nas wybra\u0107<\/span>\n\t\t\t\t\t\t\t\t\t\t\t<\/a>\n\t\t\t\t\t\t\t\t\t<\/li>\n\t\t\t\t\t\t\t\t<li class=\"elementor-icon-list-item elementor-inline-item\">\n\t\t\t\t\t\t\t\t\t\t\t<a href=\"https:\/\/victorialanguages.com\/pl\/czym-sie-wyrozniamy\/\">\n\n\t\t\t\t\t\t\t\t\t\t\t\t<span class=\"elementor-icon-list-icon\">\n\t\t\t\t\t\t\t<svg aria-hidden=\"true\" class=\"e-font-icon-svg e-fas-arrow-right\" viewBox=\"0 0 448 512\" xmlns=\"http:\/\/www.w3.org\/2000\/svg\"><path d=\"M190.5 66.9l22.2-22.2c9.4-9.4 24.6-9.4 33.9 0L441 239c9.4 9.4 9.4 24.6 0 33.9L246.6 467.3c-9.4 9.4-24.6 9.4-33.9 0l-22.2-22.2c-9.5-9.5-9.3-25 .4-34.3L311.4 296H24c-13.3 0-24-10.7-24-24v-32c0-13.3 10.7-24 24-24h287.4L190.9 101.2c-9.8-9.3-10-24.8-.4-34.3z\"><\/path><\/svg>\t\t\t\t\t\t<\/span>\n\t\t\t\t\t\t\t\t\t\t<span class=\"elementor-icon-list-text\"><\/span>\n\t\t\t\t\t\t\t\t\t\t\t<\/a>\n\t\t\t\t\t\t\t\t\t<\/li>\n\t\t\t\t\t\t<\/ul>\n\t\t\t\t\t\t<\/div>\n\t\t\t\t<\/div>\n\t\t\t\t<\/div>\n\t\t\t\t<\/div>\n\t\t\t\t\t<\/div>\n\t\t\t\t<\/div>\n\t\t\t\t<\/div>\n\t\t","protected":false},"excerpt":{"rendered":"<p>Skontaktuj si\u0119 z nami Skontaktuj si\u0119 z nami Garrotxa 517006 Girona, HISZPANIA 677162480victoria@victorialanguages.com Dlaczego wartonas wybra\u0107? Victoria Language Courses posiada zesp\u00f3\u0142 wykwalifikowanych i wysoce elastycznych profesjonalist\u00f3w. Dlaczego warto nas wybra\u0107<\/p>\n","protected":false},"author":1,"featured_media":1589,"parent":0,"menu_order":0,"comment_status":"closed","ping_status":"closed","template":"elementor_header_footer","meta":{"footnotes":""},"class_list":["post-584","page","type-page","status-publish","has-post-thumbnail","hentry"],"yoast_head":"<!-- This site is optimized with the Yoast SEO plugin v27.4 - https:\/\/yoast.com\/product\/yoast-seo-wordpress\/ -->\n<title>Kontakt - Victoria Languages | Szko\u0142a j\u0119zykowa w Gironie<\/title>\n<meta name=\"description\" content=\"Skontaktuj si\u0119 ze szko\u0142\u0105 j\u0119zykow\u0105 w Gironie. W Victoria Languages pomagamy w nauce j\u0119zyk\u00f3w dzi\u0119ki spersonalizowanym zaj\u0119ciom i przyjaznej obs\u0142udze.\" \/>\n<meta name=\"robots\" content=\"index, follow, max-snippet:-1, max-image-preview:large, max-video-preview:-1\" \/>\n<link rel=\"canonical\" href=\"https:\/\/victorialanguages.com\/pl\/skontaktuj-sie-z-nami\/\" \/>\n<meta property=\"og:locale\" content=\"pl_PL\" \/>\n<meta property=\"og:type\" content=\"article\" \/>\n<meta property=\"og:title\" content=\"Kontakt - Victoria Languages | Szko\u0142a j\u0119zykowa w Gironie\" \/>\n<meta property=\"og:description\" content=\"Skontaktuj si\u0119 ze szko\u0142\u0105 j\u0119zykow\u0105 w Gironie. W Victoria Languages pomagamy w nauce j\u0119zyk\u00f3w dzi\u0119ki spersonalizowanym zaj\u0119ciom i przyjaznej obs\u0142udze.\" \/>\n<meta property=\"og:url\" content=\"https:\/\/victorialanguages.com\/pl\/skontaktuj-sie-z-nami\/\" \/>\n<meta property=\"og:site_name\" content=\"Victoria Languages\" \/>\n<meta property=\"article:modified_time\" content=\"2025-05-13T09:31:05+00:00\" \/>\n<meta property=\"og:image\" content=\"https:\/\/victorialanguages.com\/wp-content\/uploads\/2024\/07\/victoria-idiomes-favicon.png\" \/>\n\t<meta property=\"og:image:width\" content=\"297\" \/>\n\t<meta property=\"og:image:height\" content=\"297\" \/>\n\t<meta property=\"og:image:type\" content=\"image\/png\" \/>\n<meta name=\"twitter:card\" content=\"summary_large_image\" \/>\n<meta name=\"twitter:label1\" content=\"Szacowany czas czytania\" \/>\n\t<meta name=\"twitter:data1\" content=\"1 minuta\" \/>\n<script type=\"application\/ld+json\" class=\"yoast-schema-graph\">{\"@context\":\"https:\\\/\\\/schema.org\",\"@graph\":[{\"@type\":\"WebPage\",\"@id\":\"https:\\\/\\\/victorialanguages.com\\\/pl\\\/skontaktuj-sie-z-nami\\\/\",\"url\":\"https:\\\/\\\/victorialanguages.com\\\/pl\\\/skontaktuj-sie-z-nami\\\/\",\"name\":\"Kontakt - Victoria Languages | Szko\u0142a j\u0119zykowa w Gironie\",\"isPartOf\":{\"@id\":\"https:\\\/\\\/victorialanguages.com\\\/pl\\\/#website\"},\"primaryImageOfPage\":{\"@id\":\"https:\\\/\\\/victorialanguages.com\\\/pl\\\/skontaktuj-sie-z-nami\\\/#primaryimage\"},\"image\":{\"@id\":\"https:\\\/\\\/victorialanguages.com\\\/pl\\\/skontaktuj-sie-z-nami\\\/#primaryimage\"},\"thumbnailUrl\":\"https:\\\/\\\/victorialanguages.com\\\/wp-content\\\/uploads\\\/2024\\\/07\\\/victoria-idiomes-favicon.png\",\"datePublished\":\"2024-07-09T09:20:50+00:00\",\"dateModified\":\"2025-05-13T09:31:05+00:00\",\"description\":\"Skontaktuj si\u0119 ze szko\u0142\u0105 j\u0119zykow\u0105 w Gironie. W Victoria Languages pomagamy w nauce j\u0119zyk\u00f3w dzi\u0119ki spersonalizowanym zaj\u0119ciom i przyjaznej obs\u0142udze.\",\"breadcrumb\":{\"@id\":\"https:\\\/\\\/victorialanguages.com\\\/pl\\\/skontaktuj-sie-z-nami\\\/#breadcrumb\"},\"inLanguage\":\"pl-PL\",\"potentialAction\":[{\"@type\":\"ReadAction\",\"target\":[\"https:\\\/\\\/victorialanguages.com\\\/pl\\\/skontaktuj-sie-z-nami\\\/\"]}]},{\"@type\":\"ImageObject\",\"inLanguage\":\"pl-PL\",\"@id\":\"https:\\\/\\\/victorialanguages.com\\\/pl\\\/skontaktuj-sie-z-nami\\\/#primaryimage\",\"url\":\"https:\\\/\\\/victorialanguages.com\\\/wp-content\\\/uploads\\\/2024\\\/07\\\/victoria-idiomes-favicon.png\",\"contentUrl\":\"https:\\\/\\\/victorialanguages.com\\\/wp-content\\\/uploads\\\/2024\\\/07\\\/victoria-idiomes-favicon.png\",\"width\":297,\"height\":297},{\"@type\":\"BreadcrumbList\",\"@id\":\"https:\\\/\\\/victorialanguages.com\\\/pl\\\/skontaktuj-sie-z-nami\\\/#breadcrumb\",\"itemListElement\":[{\"@type\":\"ListItem\",\"position\":1,\"name\":\"Portada\",\"item\":\"https:\\\/\\\/victorialanguages.com\\\/pl\\\/strona-glowna\\\/\"},{\"@type\":\"ListItem\",\"position\":2,\"name\":\"Skontaktuj si\u0119 z nami\"}]},{\"@type\":\"WebSite\",\"@id\":\"https:\\\/\\\/victorialanguages.com\\\/pl\\\/#website\",\"url\":\"https:\\\/\\\/victorialanguages.com\\\/pl\\\/\",\"name\":\"Victoria Languages\",\"description\":\"Cursos de idiomas adaptados a ti\",\"publisher\":{\"@id\":\"https:\\\/\\\/victorialanguages.com\\\/pl\\\/#organization\"},\"potentialAction\":[{\"@type\":\"SearchAction\",\"target\":{\"@type\":\"EntryPoint\",\"urlTemplate\":\"https:\\\/\\\/victorialanguages.com\\\/pl\\\/?s={search_term_string}\"},\"query-input\":{\"@type\":\"PropertyValueSpecification\",\"valueRequired\":true,\"valueName\":\"search_term_string\"}}],\"inLanguage\":\"pl-PL\"},{\"@type\":\"Organization\",\"@id\":\"https:\\\/\\\/victorialanguages.com\\\/pl\\\/#organization\",\"name\":\"Victoria Languages\",\"url\":\"https:\\\/\\\/victorialanguages.com\\\/pl\\\/\",\"logo\":{\"@type\":\"ImageObject\",\"inLanguage\":\"pl-PL\",\"@id\":\"https:\\\/\\\/victorialanguages.com\\\/pl\\\/#\\\/schema\\\/logo\\\/image\\\/\",\"url\":\"https:\\\/\\\/victorialanguages.com\\\/wp-content\\\/uploads\\\/2024\\\/07\\\/victoria-idiomes-favicon.png\",\"contentUrl\":\"https:\\\/\\\/victorialanguages.com\\\/wp-content\\\/uploads\\\/2024\\\/07\\\/victoria-idiomes-favicon.png\",\"width\":297,\"height\":297,\"caption\":\"Victoria Languages\"},\"image\":{\"@id\":\"https:\\\/\\\/victorialanguages.com\\\/pl\\\/#\\\/schema\\\/logo\\\/image\\\/\"}}]}<\/script>\n<!-- \/ Yoast SEO plugin. -->","yoast_head_json":{"title":"Kontakt - Victoria Languages | Szko\u0142a j\u0119zykowa w Gironie","description":"Skontaktuj si\u0119 ze szko\u0142\u0105 j\u0119zykow\u0105 w Gironie. W Victoria Languages pomagamy w nauce j\u0119zyk\u00f3w dzi\u0119ki spersonalizowanym zaj\u0119ciom i przyjaznej obs\u0142udze.","robots":{"index":"index","follow":"follow","max-snippet":"max-snippet:-1","max-image-preview":"max-image-preview:large","max-video-preview":"max-video-preview:-1"},"canonical":"https:\/\/victorialanguages.com\/pl\/skontaktuj-sie-z-nami\/","og_locale":"pl_PL","og_type":"article","og_title":"Kontakt - Victoria Languages | Szko\u0142a j\u0119zykowa w Gironie","og_description":"Skontaktuj si\u0119 ze szko\u0142\u0105 j\u0119zykow\u0105 w Gironie. W Victoria Languages pomagamy w nauce j\u0119zyk\u00f3w dzi\u0119ki spersonalizowanym zaj\u0119ciom i przyjaznej obs\u0142udze.","og_url":"https:\/\/victorialanguages.com\/pl\/skontaktuj-sie-z-nami\/","og_site_name":"Victoria Languages","article_modified_time":"2025-05-13T09:31:05+00:00","og_image":[{"width":297,"height":297,"url":"https:\/\/victorialanguages.com\/wp-content\/uploads\/2024\/07\/victoria-idiomes-favicon.png","type":"image\/png"}],"twitter_card":"summary_large_image","twitter_misc":{"Szacowany czas czytania":"1 minuta"},"schema":{"@context":"https:\/\/schema.org","@graph":[{"@type":"WebPage","@id":"https:\/\/victorialanguages.com\/pl\/skontaktuj-sie-z-nami\/","url":"https:\/\/victorialanguages.com\/pl\/skontaktuj-sie-z-nami\/","name":"Kontakt - Victoria Languages | Szko\u0142a j\u0119zykowa w Gironie","isPartOf":{"@id":"https:\/\/victorialanguages.com\/pl\/#website"},"primaryImageOfPage":{"@id":"https:\/\/victorialanguages.com\/pl\/skontaktuj-sie-z-nami\/#primaryimage"},"image":{"@id":"https:\/\/victorialanguages.com\/pl\/skontaktuj-sie-z-nami\/#primaryimage"},"thumbnailUrl":"https:\/\/victorialanguages.com\/wp-content\/uploads\/2024\/07\/victoria-idiomes-favicon.png","datePublished":"2024-07-09T09:20:50+00:00","dateModified":"2025-05-13T09:31:05+00:00","description":"Skontaktuj si\u0119 ze szko\u0142\u0105 j\u0119zykow\u0105 w Gironie. W Victoria Languages pomagamy w nauce j\u0119zyk\u00f3w dzi\u0119ki spersonalizowanym zaj\u0119ciom i przyjaznej obs\u0142udze.","breadcrumb":{"@id":"https:\/\/victorialanguages.com\/pl\/skontaktuj-sie-z-nami\/#breadcrumb"},"inLanguage":"pl-PL","potentialAction":[{"@type":"ReadAction","target":["https:\/\/victorialanguages.com\/pl\/skontaktuj-sie-z-nami\/"]}]},{"@type":"ImageObject","inLanguage":"pl-PL","@id":"https:\/\/victorialanguages.com\/pl\/skontaktuj-sie-z-nami\/#primaryimage","url":"https:\/\/victorialanguages.com\/wp-content\/uploads\/2024\/07\/victoria-idiomes-favicon.png","contentUrl":"https:\/\/victorialanguages.com\/wp-content\/uploads\/2024\/07\/victoria-idiomes-favicon.png","width":297,"height":297},{"@type":"BreadcrumbList","@id":"https:\/\/victorialanguages.com\/pl\/skontaktuj-sie-z-nami\/#breadcrumb","itemListElement":[{"@type":"ListItem","position":1,"name":"Portada","item":"https:\/\/victorialanguages.com\/pl\/strona-glowna\/"},{"@type":"ListItem","position":2,"name":"Skontaktuj si\u0119 z nami"}]},{"@type":"WebSite","@id":"https:\/\/victorialanguages.com\/pl\/#website","url":"https:\/\/victorialanguages.com\/pl\/","name":"Victoria Languages","description":"Cursos de idiomas adaptados a ti","publisher":{"@id":"https:\/\/victorialanguages.com\/pl\/#organization"},"potentialAction":[{"@type":"SearchAction","target":{"@type":"EntryPoint","urlTemplate":"https:\/\/victorialanguages.com\/pl\/?s={search_term_string}"},"query-input":{"@type":"PropertyValueSpecification","valueRequired":true,"valueName":"search_term_string"}}],"inLanguage":"pl-PL"},{"@type":"Organization","@id":"https:\/\/victorialanguages.com\/pl\/#organization","name":"Victoria Languages","url":"https:\/\/victorialanguages.com\/pl\/","logo":{"@type":"ImageObject","inLanguage":"pl-PL","@id":"https:\/\/victorialanguages.com\/pl\/#\/schema\/logo\/image\/","url":"https:\/\/victorialanguages.com\/wp-content\/uploads\/2024\/07\/victoria-idiomes-favicon.png","contentUrl":"https:\/\/victorialanguages.com\/wp-content\/uploads\/2024\/07\/victoria-idiomes-favicon.png","width":297,"height":297,"caption":"Victoria Languages"},"image":{"@id":"https:\/\/victorialanguages.com\/pl\/#\/schema\/logo\/image\/"}}]}},"_links":{"self":[{"href":"https:\/\/victorialanguages.com\/pl\/wp-json\/wp\/v2\/pages\/584","targetHints":{"allow":["GET"]}}],"collection":[{"href":"https:\/\/victorialanguages.com\/pl\/wp-json\/wp\/v2\/pages"}],"about":[{"href":"https:\/\/victorialanguages.com\/pl\/wp-json\/wp\/v2\/types\/page"}],"author":[{"embeddable":true,"href":"https:\/\/victorialanguages.com\/pl\/wp-json\/wp\/v2\/users\/1"}],"replies":[{"embeddable":true,"href":"https:\/\/victorialanguages.com\/pl\/wp-json\/wp\/v2\/comments?post=584"}],"version-history":[{"count":14,"href":"https:\/\/victorialanguages.com\/pl\/wp-json\/wp\/v2\/pages\/584\/revisions"}],"predecessor-version":[{"id":1570,"href":"https:\/\/victorialanguages.com\/pl\/wp-json\/wp\/v2\/pages\/584\/revisions\/1570"}],"wp:featuredmedia":[{"embeddable":true,"href":"https:\/\/victorialanguages.com\/pl\/wp-json\/wp\/v2\/media\/1589"}],"wp:attachment":[{"href":"https:\/\/victorialanguages.com\/pl\/wp-json\/wp\/v2\/media?parent=584"}],"curies":[{"name":"wp","href":"https:\/\/api.w.org\/{rel}","templated":true}]}}