{"id":578,"date":"2024-07-16T10:47:48","date_gmt":"2024-07-16T08:47:48","guid":{"rendered":"https:\/\/victorialanguages.com\/blogu\/"},"modified":"2025-05-13T11:23:43","modified_gmt":"2025-05-13T09:23:43","slug":"blogu","status":"publish","type":"page","link":"https:\/\/victorialanguages.com\/pl\/blogu\/","title":{"rendered":"Blog"},"content":{"rendered":"\t\t<div data-elementor-type=\"wp-page\" data-elementor-id=\"578\" class=\"elementor elementor-578 elementor-494\" data-elementor-post-type=\"page\">\n\t\t\t\t<div class=\"elementor-element elementor-element-bc32a21 e-con-full e-flex e-con e-parent\" data-id=\"bc32a21\" data-element_type=\"container\" data-e-type=\"container\" data-settings=\"{&quot;background_background&quot;:&quot;classic&quot;}\">\n\t\t\t\t<div class=\"elementor-element elementor-element-54b0025 elementor-invisible elementor-widget elementor-widget-heading\" data-id=\"54b0025\" data-element_type=\"widget\" data-e-type=\"widget\" data-settings=\"{&quot;_animation&quot;:&quot;fadeInUp&quot;,&quot;_animation_delay&quot;:600}\" data-widget_type=\"heading.default\">\n\t\t\t\t\t<h2 class=\"elementor-heading-title elementor-size-default\">Blog<\/h2>\t\t\t\t<\/div>\n\t\t\t\t<\/div>\n\t\t<div class=\"elementor-element elementor-element-1c513ae elementor-hidden-mobile e-flex e-con-boxed e-con e-parent\" data-id=\"1c513ae\" data-element_type=\"container\" data-e-type=\"container\">\n\t\t\t\t\t<div class=\"e-con-inner\">\n\t\t\t\t<div class=\"elementor-element elementor-element-bc3a963 elementor-widget elementor-widget-spacer\" data-id=\"bc3a963\" data-element_type=\"widget\" data-e-type=\"widget\" data-widget_type=\"spacer.default\">\n\t\t\t\t\t\t\t<div class=\"elementor-spacer\">\n\t\t\t<div class=\"elementor-spacer-inner\"><\/div>\n\t\t<\/div>\n\t\t\t\t\t\t<\/div>\n\t\t\t\t\t<\/div>\n\t\t\t\t<\/div>\n\t\t<div class=\"elementor-element elementor-element-310255d e-flex e-con-boxed e-con e-parent\" data-id=\"310255d\" data-element_type=\"container\" data-e-type=\"container\">\n\t\t\t\t\t<div class=\"e-con-inner\">\n\t\t\t\t<div class=\"elementor-element elementor-element-6325b6c elementor-widget elementor-widget-jet-listing-grid\" data-id=\"6325b6c\" data-element_type=\"widget\" data-e-type=\"widget\" data-settings=\"{&quot;columns&quot;:3,&quot;columns_tablet&quot;:&quot;2&quot;,&quot;columns_mobile&quot;:&quot;1&quot;}\" data-widget_type=\"jet-listing-grid.default\">\n\t\t\t\t\t<div class=\"jet-listing-grid jet-listing\"><div class=\"jet-listing-grid__items grid-col-desk-3 grid-col-tablet-2 grid-col-mobile-1 jet-listing-grid--475\" data-queried-id=\"578|WP_Post\" data-nav=\"{&quot;enabled&quot;:false,&quot;type&quot;:null,&quot;more_el&quot;:null,&quot;query&quot;:[],&quot;widget_settings&quot;:{&quot;lisitng_id&quot;:475,&quot;posts_num&quot;:6,&quot;columns&quot;:3,&quot;columns_tablet&quot;:2,&quot;columns_mobile&quot;:1,&quot;column_min_width&quot;:240,&quot;column_min_width_tablet&quot;:240,&quot;column_min_width_mobile&quot;:240,&quot;inline_columns_css&quot;:false,&quot;is_archive_template&quot;:&quot;&quot;,&quot;post_status&quot;:[&quot;publish&quot;],&quot;use_random_posts_num&quot;:&quot;&quot;,&quot;max_posts_num&quot;:9,&quot;not_found_message&quot;:&quot;Nie znaleziono danych&quot;,&quot;is_masonry&quot;:false,&quot;equal_columns_height&quot;:&quot;&quot;,&quot;use_load_more&quot;:&quot;&quot;,&quot;load_more_id&quot;:&quot;&quot;,&quot;load_more_type&quot;:&quot;click&quot;,&quot;load_more_offset&quot;:{&quot;unit&quot;:&quot;px&quot;,&quot;size&quot;:0,&quot;sizes&quot;:[]},&quot;use_custom_post_types&quot;:&quot;&quot;,&quot;custom_post_types&quot;:[],&quot;hide_widget_if&quot;:&quot;&quot;,&quot;carousel_enabled&quot;:&quot;&quot;,&quot;slides_to_scroll&quot;:&quot;1&quot;,&quot;arrows&quot;:&quot;true&quot;,&quot;arrow_icon&quot;:&quot;fa fa-angle-left&quot;,&quot;dots&quot;:&quot;&quot;,&quot;autoplay&quot;:&quot;true&quot;,&quot;pause_on_hover&quot;:&quot;true&quot;,&quot;autoplay_speed&quot;:5000,&quot;infinite&quot;:&quot;true&quot;,&quot;center_mode&quot;:&quot;&quot;,&quot;effect&quot;:&quot;slide&quot;,&quot;speed&quot;:500,&quot;inject_alternative_items&quot;:&quot;&quot;,&quot;injection_items&quot;:[],&quot;scroll_slider_enabled&quot;:&quot;&quot;,&quot;scroll_slider_on&quot;:[&quot;desktop&quot;,&quot;tablet&quot;,&quot;mobile&quot;],&quot;custom_query&quot;:false,&quot;custom_query_id&quot;:&quot;&quot;,&quot;_element_id&quot;:&quot;&quot;,&quot;collapse_first_last_gap&quot;:false,&quot;list_tag_selection&quot;:&quot;&quot;,&quot;list_items_wrapper_tag&quot;:&quot;div&quot;,&quot;list_item_tag&quot;:&quot;div&quot;,&quot;empty_items_wrapper_tag&quot;:&quot;div&quot;}}\" data-page=\"1\" data-pages=\"1\" data-listing-source=\"posts\" data-listing-id=\"475\" data-query-id=\"\"><div class=\"jet-listing-grid__item jet-listing-dynamic-post-560\" data-post-id=\"560\"  ><style type=\"text\/css\">.jet-listing-dynamic-post-560 .elementor-element.elementor-element-5efb3d2:not(.elementor-motion-effects-element-type-background), .jet-listing-dynamic-post-560 .elementor-element.elementor-element-5efb3d2 > .elementor-motion-effects-container > .elementor-motion-effects-layer{background-image:url(\"https:\/\/victorialanguages.com\/wp-content\/uploads\/2024\/07\/estudiantesairelibre.jpg\");}<\/style>\t\t<div data-elementor-type=\"jet-listing-items\" data-elementor-id=\"1375\" class=\"elementor elementor-1375 elementor-475 elementor-475\" data-elementor-post-type=\"jet-engine\">\n\t\t\t\t<div class=\"elementor-element elementor-element-f285261 e-con-full e-flex elementor-invisible e-con e-parent\" data-id=\"f285261\" data-element_type=\"container\" data-e-type=\"container\" data-settings=\"{&quot;animation&quot;:&quot;fadeIn&quot;}\">\n\t\t<div class=\"elementor-element elementor-element-5efb3d2 e-con-full e-flex e-con e-child\" data-id=\"5efb3d2\" data-element_type=\"container\" data-e-type=\"container\" data-settings=\"{&quot;background_background&quot;:&quot;classic&quot;}\">\n\t\t\t\t<\/div>\n\t\t\t\t<\/div>\n\t\t<div class=\"elementor-element elementor-element-fe5aa91 e-con-full animated-slow e-flex elementor-invisible e-con e-parent\" data-id=\"fe5aa91\" data-element_type=\"container\" data-e-type=\"container\" data-settings=\"{&quot;animation&quot;:&quot;fadeInUp&quot;}\">\n\t\t\t\t<div class=\"elementor-element elementor-element-0a04073 elementor-widget elementor-widget-heading\" data-id=\"0a04073\" data-element_type=\"widget\" data-e-type=\"widget\" data-widget_type=\"heading.default\">\n\t\t\t\t\t<h2 class=\"elementor-heading-title elementor-size-default\">Witam wszystkich student\u00f3w i by\u0107 mo\u017ce przysz\u0142ych student\u00f3w!<\/h2>\t\t\t\t<\/div>\n\t\t\t\t<div class=\"elementor-element elementor-element-90662bf elementor-widget elementor-widget-text-editor\" data-id=\"90662bf\" data-element_type=\"widget\" data-e-type=\"widget\" data-widget_type=\"text-editor.default\">\n\t\t\t\t\t\t\t\t\t<p>Lato si\u0119 ju\u017c sko\u0144czy\u0142o i si\u0119 zaczyna pa\u017adziernik, miesi\u0105c, w kt\u00f3rym mo\u017cesz rozpocz\u0105\u0107 nowe kursy j\u0119zykowe i zdoby\u0107 nowe umiej\u0119tno\u015bci! Ju\u017c otwieramy nowe kursy,(\u2026)\t\t\t\t\t\t\t\t<\/div>\n\t\t\t\t<\/div>\n\t\t<div class=\"elementor-element elementor-element-7a60668 e-con-full animated-slow e-flex elementor-invisible e-con e-parent\" data-id=\"7a60668\" data-element_type=\"container\" data-e-type=\"container\" data-settings=\"{&quot;animation&quot;:&quot;fadeInUp&quot;}\">\n\t\t\t\t<div class=\"elementor-element elementor-element-879025b elementor-icon-list--layout-inline elementor-align-start e-transform elementor-list-item-link-full_width elementor-widget elementor-widget-icon-list\" data-id=\"879025b\" data-element_type=\"widget\" data-e-type=\"widget\" data-settings=\"{&quot;_transform_translateX_effect_hover&quot;:{&quot;unit&quot;:&quot;px&quot;,&quot;size&quot;:5,&quot;sizes&quot;:[]},&quot;_transform_translateX_effect_hover_tablet&quot;:{&quot;unit&quot;:&quot;px&quot;,&quot;size&quot;:&quot;&quot;,&quot;sizes&quot;:[]},&quot;_transform_translateX_effect_hover_mobile&quot;:{&quot;unit&quot;:&quot;px&quot;,&quot;size&quot;:&quot;&quot;,&quot;sizes&quot;:[]},&quot;_transform_translateY_effect_hover&quot;:{&quot;unit&quot;:&quot;px&quot;,&quot;size&quot;:&quot;&quot;,&quot;sizes&quot;:[]},&quot;_transform_translateY_effect_hover_tablet&quot;:{&quot;unit&quot;:&quot;px&quot;,&quot;size&quot;:&quot;&quot;,&quot;sizes&quot;:[]},&quot;_transform_translateY_effect_hover_mobile&quot;:{&quot;unit&quot;:&quot;px&quot;,&quot;size&quot;:&quot;&quot;,&quot;sizes&quot;:[]}}\" data-widget_type=\"icon-list.default\">\n\t\t\t\t\t\t\t<ul class=\"elementor-icon-list-items elementor-inline-items\">\n\t\t\t\t\t\t\t<li class=\"elementor-icon-list-item elementor-inline-item\">\n\t\t\t\t\t\t\t\t\t\t\t<a href=\"https:\/\/victorialanguages.com\/pl\/witam-wszystkich-studentow-i-byc-moze-przyszlych-studentow\/\">\n\n\t\t\t\t\t\t\t\t\t\t\t<span class=\"elementor-icon-list-text\">Przeczytaj artyku\u0142<\/span>\n\t\t\t\t\t\t\t\t\t\t\t<\/a>\n\t\t\t\t\t\t\t\t\t<\/li>\n\t\t\t\t\t\t\t\t<li class=\"elementor-icon-list-item elementor-inline-item\">\n\t\t\t\t\t\t\t\t\t\t\t<a href=\"https:\/\/victorialanguages.com\/pl\/witam-wszystkich-studentow-i-byc-moze-przyszlych-studentow\/\">\n\n\t\t\t\t\t\t\t\t\t\t\t\t<span class=\"elementor-icon-list-icon\">\n\t\t\t\t\t\t\t<svg xmlns=\"http:\/\/www.w3.org\/2000\/svg\" id=\"Capa_2\" viewBox=\"0 0 7.48 12.14\"><defs><style>.cls-1{fill:#232f5d;stroke-width:0px;}<\/style><\/defs><g id=\"Elements_plantilla\"><polygon class=\"cls-1\" points=\"1.41 12.14 0 10.72 4.65 6.07 0 1.41 1.41 0 7.48 6.07 1.41 12.14\"><\/polygon><\/g><\/svg>\t\t\t\t\t\t<\/span>\n\t\t\t\t\t\t\t\t\t\t<span class=\"elementor-icon-list-text\"><\/span>\n\t\t\t\t\t\t\t\t\t\t\t<\/a>\n\t\t\t\t\t\t\t\t\t<\/li>\n\t\t\t\t\t\t<\/ul>\n\t\t\t\t\t\t<\/div>\n\t\t\t\t<\/div>\n\t\t\t\t<\/div>\n\t\t<\/div><\/div><\/div>\t\t\t\t<\/div>\n\t\t\t\t\t<\/div>\n\t\t\t\t<\/div>\n\t\t<div class=\"elementor-element elementor-element-b7ef01b e-flex e-con-boxed e-con e-parent\" data-id=\"b7ef01b\" data-element_type=\"container\" data-e-type=\"container\">\n\t\t\t\t\t<div class=\"e-con-inner\">\n\t\t\t\t<div class=\"elementor-element elementor-element-1c3da3a elementor-widget elementor-widget-spacer\" data-id=\"1c3da3a\" data-element_type=\"widget\" data-e-type=\"widget\" data-widget_type=\"spacer.default\">\n\t\t\t\t\t\t\t<div class=\"elementor-spacer\">\n\t\t\t<div class=\"elementor-spacer-inner\"><\/div>\n\t\t<\/div>\n\t\t\t\t\t\t<\/div>\n\t\t\t\t\t<\/div>\n\t\t\t\t<\/div>\n\t\t\t\t<\/div>\n\t\t","protected":false},"excerpt":{"rendered":"<p>Blog Leer art\u00edculo<\/p>\n","protected":false},"author":1,"featured_media":1589,"parent":0,"menu_order":0,"comment_status":"closed","ping_status":"closed","template":"elementor_header_footer","meta":{"footnotes":""},"class_list":["post-578","page","type-page","status-publish","has-post-thumbnail","hentry"],"yoast_head":"<!-- This site is optimized with the Yoast SEO plugin v27.4 - https:\/\/yoast.com\/product\/yoast-seo-wordpress\/ -->\n<title>Blog szko\u0142y j\u0119zykowej - Victoria Languages<\/title>\n<meta name=\"description\" content=\"Odkryj blog szko\u0142y j\u0119zykowej Victoria Languages: wskaz\u00f3wki i zasoby do skutecznej i przyjemnej nauki j\u0119zyk\u00f3w obcych.\" \/>\n<meta name=\"robots\" content=\"index, follow, max-snippet:-1, max-image-preview:large, max-video-preview:-1\" \/>\n<link rel=\"canonical\" href=\"https:\/\/victorialanguages.com\/pl\/blogu\/\" \/>\n<meta property=\"og:locale\" content=\"pl_PL\" \/>\n<meta property=\"og:type\" content=\"article\" \/>\n<meta property=\"og:title\" content=\"Blog szko\u0142y j\u0119zykowej - Victoria Languages\" \/>\n<meta property=\"og:description\" content=\"Odkryj blog szko\u0142y j\u0119zykowej Victoria Languages: wskaz\u00f3wki i zasoby do skutecznej i przyjemnej nauki j\u0119zyk\u00f3w obcych.\" \/>\n<meta property=\"og:url\" content=\"https:\/\/victorialanguages.com\/pl\/blogu\/\" \/>\n<meta property=\"og:site_name\" content=\"Victoria Languages\" \/>\n<meta property=\"article:modified_time\" content=\"2025-05-13T09:23:43+00:00\" \/>\n<meta property=\"og:image\" content=\"https:\/\/victorialanguages.com\/wp-content\/uploads\/2024\/07\/victoria-idiomes-favicon.png\" \/>\n\t<meta property=\"og:image:width\" content=\"297\" \/>\n\t<meta property=\"og:image:height\" content=\"297\" \/>\n\t<meta property=\"og:image:type\" content=\"image\/png\" \/>\n<meta name=\"twitter:card\" content=\"summary_large_image\" \/>\n<script type=\"application\/ld+json\" class=\"yoast-schema-graph\">{\"@context\":\"https:\\\/\\\/schema.org\",\"@graph\":[{\"@type\":\"WebPage\",\"@id\":\"https:\\\/\\\/victorialanguages.com\\\/pl\\\/blogu\\\/\",\"url\":\"https:\\\/\\\/victorialanguages.com\\\/pl\\\/blogu\\\/\",\"name\":\"Blog szko\u0142y j\u0119zykowej - Victoria Languages\",\"isPartOf\":{\"@id\":\"https:\\\/\\\/victorialanguages.com\\\/pl\\\/#website\"},\"primaryImageOfPage\":{\"@id\":\"https:\\\/\\\/victorialanguages.com\\\/pl\\\/blogu\\\/#primaryimage\"},\"image\":{\"@id\":\"https:\\\/\\\/victorialanguages.com\\\/pl\\\/blogu\\\/#primaryimage\"},\"thumbnailUrl\":\"https:\\\/\\\/victorialanguages.com\\\/wp-content\\\/uploads\\\/2024\\\/07\\\/victoria-idiomes-favicon.png\",\"datePublished\":\"2024-07-16T08:47:48+00:00\",\"dateModified\":\"2025-05-13T09:23:43+00:00\",\"description\":\"Odkryj blog szko\u0142y j\u0119zykowej Victoria Languages: wskaz\u00f3wki i zasoby do skutecznej i przyjemnej nauki j\u0119zyk\u00f3w obcych.\",\"breadcrumb\":{\"@id\":\"https:\\\/\\\/victorialanguages.com\\\/pl\\\/blogu\\\/#breadcrumb\"},\"inLanguage\":\"pl-PL\",\"potentialAction\":[{\"@type\":\"ReadAction\",\"target\":[\"https:\\\/\\\/victorialanguages.com\\\/pl\\\/blogu\\\/\"]}]},{\"@type\":\"ImageObject\",\"inLanguage\":\"pl-PL\",\"@id\":\"https:\\\/\\\/victorialanguages.com\\\/pl\\\/blogu\\\/#primaryimage\",\"url\":\"https:\\\/\\\/victorialanguages.com\\\/wp-content\\\/uploads\\\/2024\\\/07\\\/victoria-idiomes-favicon.png\",\"contentUrl\":\"https:\\\/\\\/victorialanguages.com\\\/wp-content\\\/uploads\\\/2024\\\/07\\\/victoria-idiomes-favicon.png\",\"width\":297,\"height\":297},{\"@type\":\"BreadcrumbList\",\"@id\":\"https:\\\/\\\/victorialanguages.com\\\/pl\\\/blogu\\\/#breadcrumb\",\"itemListElement\":[{\"@type\":\"ListItem\",\"position\":1,\"name\":\"Portada\",\"item\":\"https:\\\/\\\/victorialanguages.com\\\/pl\\\/strona-glowna\\\/\"},{\"@type\":\"ListItem\",\"position\":2,\"name\":\"Blog\"}]},{\"@type\":\"WebSite\",\"@id\":\"https:\\\/\\\/victorialanguages.com\\\/pl\\\/#website\",\"url\":\"https:\\\/\\\/victorialanguages.com\\\/pl\\\/\",\"name\":\"Victoria Languages\",\"description\":\"Cursos de idiomas adaptados a ti\",\"publisher\":{\"@id\":\"https:\\\/\\\/victorialanguages.com\\\/pl\\\/#organization\"},\"potentialAction\":[{\"@type\":\"SearchAction\",\"target\":{\"@type\":\"EntryPoint\",\"urlTemplate\":\"https:\\\/\\\/victorialanguages.com\\\/pl\\\/?s={search_term_string}\"},\"query-input\":{\"@type\":\"PropertyValueSpecification\",\"valueRequired\":true,\"valueName\":\"search_term_string\"}}],\"inLanguage\":\"pl-PL\"},{\"@type\":\"Organization\",\"@id\":\"https:\\\/\\\/victorialanguages.com\\\/pl\\\/#organization\",\"name\":\"Victoria Languages\",\"url\":\"https:\\\/\\\/victorialanguages.com\\\/pl\\\/\",\"logo\":{\"@type\":\"ImageObject\",\"inLanguage\":\"pl-PL\",\"@id\":\"https:\\\/\\\/victorialanguages.com\\\/pl\\\/#\\\/schema\\\/logo\\\/image\\\/\",\"url\":\"https:\\\/\\\/victorialanguages.com\\\/wp-content\\\/uploads\\\/2024\\\/07\\\/victoria-idiomes-favicon.png\",\"contentUrl\":\"https:\\\/\\\/victorialanguages.com\\\/wp-content\\\/uploads\\\/2024\\\/07\\\/victoria-idiomes-favicon.png\",\"width\":297,\"height\":297,\"caption\":\"Victoria Languages\"},\"image\":{\"@id\":\"https:\\\/\\\/victorialanguages.com\\\/pl\\\/#\\\/schema\\\/logo\\\/image\\\/\"}}]}<\/script>\n<!-- \/ Yoast SEO plugin. -->","yoast_head_json":{"title":"Blog szko\u0142y j\u0119zykowej - Victoria Languages","description":"Odkryj blog szko\u0142y j\u0119zykowej Victoria Languages: wskaz\u00f3wki i zasoby do skutecznej i przyjemnej nauki j\u0119zyk\u00f3w obcych.","robots":{"index":"index","follow":"follow","max-snippet":"max-snippet:-1","max-image-preview":"max-image-preview:large","max-video-preview":"max-video-preview:-1"},"canonical":"https:\/\/victorialanguages.com\/pl\/blogu\/","og_locale":"pl_PL","og_type":"article","og_title":"Blog szko\u0142y j\u0119zykowej - Victoria Languages","og_description":"Odkryj blog szko\u0142y j\u0119zykowej Victoria Languages: wskaz\u00f3wki i zasoby do skutecznej i przyjemnej nauki j\u0119zyk\u00f3w obcych.","og_url":"https:\/\/victorialanguages.com\/pl\/blogu\/","og_site_name":"Victoria Languages","article_modified_time":"2025-05-13T09:23:43+00:00","og_image":[{"width":297,"height":297,"url":"https:\/\/victorialanguages.com\/wp-content\/uploads\/2024\/07\/victoria-idiomes-favicon.png","type":"image\/png"}],"twitter_card":"summary_large_image","schema":{"@context":"https:\/\/schema.org","@graph":[{"@type":"WebPage","@id":"https:\/\/victorialanguages.com\/pl\/blogu\/","url":"https:\/\/victorialanguages.com\/pl\/blogu\/","name":"Blog szko\u0142y j\u0119zykowej - Victoria Languages","isPartOf":{"@id":"https:\/\/victorialanguages.com\/pl\/#website"},"primaryImageOfPage":{"@id":"https:\/\/victorialanguages.com\/pl\/blogu\/#primaryimage"},"image":{"@id":"https:\/\/victorialanguages.com\/pl\/blogu\/#primaryimage"},"thumbnailUrl":"https:\/\/victorialanguages.com\/wp-content\/uploads\/2024\/07\/victoria-idiomes-favicon.png","datePublished":"2024-07-16T08:47:48+00:00","dateModified":"2025-05-13T09:23:43+00:00","description":"Odkryj blog szko\u0142y j\u0119zykowej Victoria Languages: wskaz\u00f3wki i zasoby do skutecznej i przyjemnej nauki j\u0119zyk\u00f3w obcych.","breadcrumb":{"@id":"https:\/\/victorialanguages.com\/pl\/blogu\/#breadcrumb"},"inLanguage":"pl-PL","potentialAction":[{"@type":"ReadAction","target":["https:\/\/victorialanguages.com\/pl\/blogu\/"]}]},{"@type":"ImageObject","inLanguage":"pl-PL","@id":"https:\/\/victorialanguages.com\/pl\/blogu\/#primaryimage","url":"https:\/\/victorialanguages.com\/wp-content\/uploads\/2024\/07\/victoria-idiomes-favicon.png","contentUrl":"https:\/\/victorialanguages.com\/wp-content\/uploads\/2024\/07\/victoria-idiomes-favicon.png","width":297,"height":297},{"@type":"BreadcrumbList","@id":"https:\/\/victorialanguages.com\/pl\/blogu\/#breadcrumb","itemListElement":[{"@type":"ListItem","position":1,"name":"Portada","item":"https:\/\/victorialanguages.com\/pl\/strona-glowna\/"},{"@type":"ListItem","position":2,"name":"Blog"}]},{"@type":"WebSite","@id":"https:\/\/victorialanguages.com\/pl\/#website","url":"https:\/\/victorialanguages.com\/pl\/","name":"Victoria Languages","description":"Cursos de idiomas adaptados a ti","publisher":{"@id":"https:\/\/victorialanguages.com\/pl\/#organization"},"potentialAction":[{"@type":"SearchAction","target":{"@type":"EntryPoint","urlTemplate":"https:\/\/victorialanguages.com\/pl\/?s={search_term_string}"},"query-input":{"@type":"PropertyValueSpecification","valueRequired":true,"valueName":"search_term_string"}}],"inLanguage":"pl-PL"},{"@type":"Organization","@id":"https:\/\/victorialanguages.com\/pl\/#organization","name":"Victoria Languages","url":"https:\/\/victorialanguages.com\/pl\/","logo":{"@type":"ImageObject","inLanguage":"pl-PL","@id":"https:\/\/victorialanguages.com\/pl\/#\/schema\/logo\/image\/","url":"https:\/\/victorialanguages.com\/wp-content\/uploads\/2024\/07\/victoria-idiomes-favicon.png","contentUrl":"https:\/\/victorialanguages.com\/wp-content\/uploads\/2024\/07\/victoria-idiomes-favicon.png","width":297,"height":297,"caption":"Victoria Languages"},"image":{"@id":"https:\/\/victorialanguages.com\/pl\/#\/schema\/logo\/image\/"}}]}},"_links":{"self":[{"href":"https:\/\/victorialanguages.com\/pl\/wp-json\/wp\/v2\/pages\/578","targetHints":{"allow":["GET"]}}],"collection":[{"href":"https:\/\/victorialanguages.com\/pl\/wp-json\/wp\/v2\/pages"}],"about":[{"href":"https:\/\/victorialanguages.com\/pl\/wp-json\/wp\/v2\/types\/page"}],"author":[{"embeddable":true,"href":"https:\/\/victorialanguages.com\/pl\/wp-json\/wp\/v2\/users\/1"}],"replies":[{"embeddable":true,"href":"https:\/\/victorialanguages.com\/pl\/wp-json\/wp\/v2\/comments?post=578"}],"version-history":[{"count":4,"href":"https:\/\/victorialanguages.com\/pl\/wp-json\/wp\/v2\/pages\/578\/revisions"}],"predecessor-version":[{"id":1612,"href":"https:\/\/victorialanguages.com\/pl\/wp-json\/wp\/v2\/pages\/578\/revisions\/1612"}],"wp:featuredmedia":[{"embeddable":true,"href":"https:\/\/victorialanguages.com\/pl\/wp-json\/wp\/v2\/media\/1589"}],"wp:attachment":[{"href":"https:\/\/victorialanguages.com\/pl\/wp-json\/wp\/v2\/media?parent=578"}],"curies":[{"name":"wp","href":"https:\/\/api.w.org\/{rel}","templated":true}]}}