{"id":641,"date":"2024-07-08T11:56:06","date_gmt":"2024-07-08T09:56:06","guid":{"rendered":"https:\/\/victorialanguages.com\/qui-som\/"},"modified":"2025-07-23T20:41:59","modified_gmt":"2025-07-23T18:41:59","slug":"qui-som","status":"publish","type":"page","link":"https:\/\/victorialanguages.com\/ca\/qui-som\/","title":{"rendered":"Qui som"},"content":{"rendered":"\t\t<div data-elementor-type=\"wp-page\" data-elementor-id=\"641\" class=\"elementor elementor-641 elementor-202\" data-elementor-post-type=\"page\">\n\t\t\t\t<div class=\"elementor-element elementor-element-7b52cd2 e-con-full e-flex e-con e-parent\" data-id=\"7b52cd2\" data-element_type=\"container\" data-e-type=\"container\" data-settings=\"{&quot;background_background&quot;:&quot;classic&quot;}\">\n\t\t\t\t<div class=\"elementor-element elementor-element-872cddd elementor-invisible elementor-widget elementor-widget-heading\" data-id=\"872cddd\" data-element_type=\"widget\" data-e-type=\"widget\" data-settings=\"{&quot;_animation&quot;:&quot;fadeInUp&quot;,&quot;_animation_delay&quot;:600}\" data-widget_type=\"heading.default\">\n\t\t\t\t\t<h1 class=\"elementor-heading-title elementor-size-default\">Qui som<\/h1>\t\t\t\t<\/div>\n\t\t\t\t<\/div>\n\t\t<div class=\"elementor-element elementor-element-d533086 e-flex e-con-boxed e-con e-parent\" data-id=\"d533086\" data-element_type=\"container\" data-e-type=\"container\">\n\t\t\t\t\t<div class=\"e-con-inner\">\n\t\t<div class=\"elementor-element elementor-element-df6b54e e-con-full e-flex e-con e-child\" data-id=\"df6b54e\" data-element_type=\"container\" data-e-type=\"container\">\n\t\t\t\t<div class=\"elementor-element elementor-element-d94ee6c elementor-widget__width-initial elementor-invisible elementor-widget elementor-widget-text-editor\" data-id=\"d94ee6c\" data-element_type=\"widget\" data-e-type=\"widget\" data-settings=\"{&quot;_animation&quot;:&quot;fadeIn&quot;,&quot;_animation_delay&quot;:600}\" data-widget_type=\"text-editor.default\">\n\t\t\t\t\t\t\t\t\t<p><span style=\"font-weight: 400;\">Som dues professores qualificades, docents. Som llicenciades de Filologia, especialitzades en idiomes: angl\u00e8s, castell\u00e0, polon\u00e8s i rus. Disposem de m\u00e9s de 15 anys d&#8217;experi\u00e8ncia en l&#8217;ensenyament d&#8217;idiomes i  <\/span> <b> language coaching<\/b>.<\/p><p>Som <b>pol\u00edglotes<\/b>. Estem especialitzades en ensenyament d&#8217;idiomes per a perfil professional a diferents sectors.  <\/p><p><span style=\"font-weight: 400;\">Tamb\u00e9 hem impartit classes d&#8217;idiomes a nens i adolescents. <\/span><\/p>\t\t\t\t\t\t\t\t<\/div>\n\t\t\t\t<\/div>\n\t\t<div class=\"elementor-element elementor-element-dd251be e-con-full e-flex e-con e-child\" data-id=\"dd251be\" data-element_type=\"container\" data-e-type=\"container\">\n\t\t\t\t<div class=\"elementor-element elementor-element-285ef59 elementor-invisible elementor-widget elementor-widget-image\" data-id=\"285ef59\" data-element_type=\"widget\" data-e-type=\"widget\" data-settings=\"{&quot;_animation&quot;:&quot;fadeIn&quot;,&quot;_animation_delay&quot;:600}\" data-widget_type=\"image.default\">\n\t\t\t\t\t\t\t\t\t\t\t\t\t\t\t<img fetchpriority=\"high\" decoding=\"async\" width=\"1600\" height=\"1067\" src=\"https:\/\/victorialanguages.com\/wp-content\/uploads\/2024\/07\/victoria-idiomes8.jpg\" class=\"attachment-full size-full wp-image-49\" alt=\"\" srcset=\"https:\/\/victorialanguages.com\/wp-content\/uploads\/2024\/07\/victoria-idiomes8.jpg 1600w, https:\/\/victorialanguages.com\/wp-content\/uploads\/2024\/07\/victoria-idiomes8-300x200.jpg 300w, https:\/\/victorialanguages.com\/wp-content\/uploads\/2024\/07\/victoria-idiomes8-1024x683.jpg 1024w, https:\/\/victorialanguages.com\/wp-content\/uploads\/2024\/07\/victoria-idiomes8-768x512.jpg 768w, https:\/\/victorialanguages.com\/wp-content\/uploads\/2024\/07\/victoria-idiomes8-1536x1024.jpg 1536w\" sizes=\"(max-width: 1600px) 100vw, 1600px\" \/>\t\t\t\t\t\t\t\t\t\t\t\t\t\t\t<\/div>\n\t\t\t\t<\/div>\n\t\t\t\t\t<\/div>\n\t\t\t\t<\/div>\n\t\t<div class=\"elementor-element elementor-element-3376e80 e-con-full e-flex e-con e-parent\" data-id=\"3376e80\" data-element_type=\"container\" data-e-type=\"container\" data-settings=\"{&quot;background_background&quot;:&quot;classic&quot;}\">\n\t\t<div class=\"elementor-element elementor-element-7a63ee7 e-con-full e-flex e-con e-child\" data-id=\"7a63ee7\" data-element_type=\"container\" data-e-type=\"container\">\n\t\t<div class=\"elementor-element elementor-element-1531a26 e-con-full e-flex e-con e-child\" data-id=\"1531a26\" data-element_type=\"container\" data-e-type=\"container\">\n\t\t\t\t<div class=\"elementor-element elementor-element-dd0f071 elementor-widget elementor-widget-image\" data-id=\"dd0f071\" data-element_type=\"widget\" data-e-type=\"widget\" data-settings=\"{&quot;motion_fx_motion_fx_scrolling&quot;:&quot;yes&quot;,&quot;motion_fx_translateX_effect&quot;:&quot;yes&quot;,&quot;motion_fx_translateX_speed&quot;:{&quot;unit&quot;:&quot;px&quot;,&quot;size&quot;:1,&quot;sizes&quot;:[]},&quot;motion_fx_translateX_affectedRange&quot;:{&quot;unit&quot;:&quot;%&quot;,&quot;size&quot;:&quot;&quot;,&quot;sizes&quot;:{&quot;start&quot;:0,&quot;end&quot;:50}},&quot;motion_fx_opacity_effect&quot;:&quot;yes&quot;,&quot;motion_fx_opacity_range&quot;:{&quot;unit&quot;:&quot;%&quot;,&quot;size&quot;:&quot;&quot;,&quot;sizes&quot;:{&quot;start&quot;:0,&quot;end&quot;:50}},&quot;motion_fx_opacity_direction&quot;:&quot;out-in&quot;,&quot;motion_fx_opacity_level&quot;:{&quot;unit&quot;:&quot;px&quot;,&quot;size&quot;:10,&quot;sizes&quot;:[]},&quot;motion_fx_devices&quot;:[&quot;desktop&quot;,&quot;tablet&quot;,&quot;mobile&quot;]}\" data-widget_type=\"image.default\">\n\t\t\t\t\t\t\t\t\t\t\t\t\t\t\t<img decoding=\"async\" width=\"1481\" height=\"974\" src=\"https:\/\/victorialanguages.com\/wp-content\/uploads\/2024\/07\/victoria-idiomes9.webp\" class=\"attachment-full size-full wp-image-51\" alt=\"\" srcset=\"https:\/\/victorialanguages.com\/wp-content\/uploads\/2024\/07\/victoria-idiomes9.webp 1481w, https:\/\/victorialanguages.com\/wp-content\/uploads\/2024\/07\/victoria-idiomes9-300x197.webp 300w, https:\/\/victorialanguages.com\/wp-content\/uploads\/2024\/07\/victoria-idiomes9-1024x673.webp 1024w, https:\/\/victorialanguages.com\/wp-content\/uploads\/2024\/07\/victoria-idiomes9-768x505.webp 768w\" sizes=\"(max-width: 1481px) 100vw, 1481px\" \/>\t\t\t\t\t\t\t\t\t\t\t\t\t\t\t<\/div>\n\t\t\t\t<\/div>\n\t\t<div class=\"elementor-element elementor-element-16f2cdf e-con-full e-flex e-con e-child\" data-id=\"16f2cdf\" data-element_type=\"container\" data-e-type=\"container\">\n\t\t\t\t<div class=\"elementor-element elementor-element-5c1951f elementor-invisible elementor-widget elementor-widget-text-editor\" data-id=\"5c1951f\" data-element_type=\"widget\" data-e-type=\"widget\" data-settings=\"{&quot;_animation&quot;:&quot;fadeIn&quot;,&quot;_animation_delay&quot;:600}\" data-widget_type=\"text-editor.default\">\n\t\t\t\t\t\t\t\t\t<p>Hem treballat en entorns internacionals, tant a Anglaterra com a Espanya. Vam estudiar a la universitat d&#8217;Anglaterra on vam obtenir les qualificacions pedag\u00f2giques que s\u00f3n molt importants en l&#8217;ensenyament d&#8217;idiomes i essencials per treballar a escoles p\u00fabliques i privades. Tenim experi\u00e8ncia al sector d&#8217;escola secund\u00e0ria a Anglaterra.  <\/p><p>Els nostres principals clients han estat: <em>Universitat Politecnica de Catalunya, la UOC, Ajuntament de Barcelona, Caixa Catalunya, Dentaid, Tres Grifer\u00eda, Robama<\/em> i molts m\u00e9s.<br>Estem formant en idiomes diversos col\u00b7lectius de professionals.<\/p>\t\t\t\t\t\t\t\t<\/div>\n\t\t\t\t<div class=\"elementor-element elementor-element-71dee56 elementor-icon-list--layout-inline elementor-align-start e-transform elementor-list-item-link-full_width elementor-widget elementor-widget-icon-list\" data-id=\"71dee56\" data-element_type=\"widget\" data-e-type=\"widget\" data-settings=\"{&quot;_transform_translateX_effect_hover&quot;:{&quot;unit&quot;:&quot;px&quot;,&quot;size&quot;:5,&quot;sizes&quot;:[]},&quot;_transform_translateX_effect_hover_tablet&quot;:{&quot;unit&quot;:&quot;px&quot;,&quot;size&quot;:&quot;&quot;,&quot;sizes&quot;:[]},&quot;_transform_translateX_effect_hover_mobile&quot;:{&quot;unit&quot;:&quot;px&quot;,&quot;size&quot;:&quot;&quot;,&quot;sizes&quot;:[]},&quot;_transform_translateY_effect_hover&quot;:{&quot;unit&quot;:&quot;px&quot;,&quot;size&quot;:&quot;&quot;,&quot;sizes&quot;:[]},&quot;_transform_translateY_effect_hover_tablet&quot;:{&quot;unit&quot;:&quot;px&quot;,&quot;size&quot;:&quot;&quot;,&quot;sizes&quot;:[]},&quot;_transform_translateY_effect_hover_mobile&quot;:{&quot;unit&quot;:&quot;px&quot;,&quot;size&quot;:&quot;&quot;,&quot;sizes&quot;:[]}}\" data-widget_type=\"icon-list.default\">\n\t\t\t\t\t\t\t<ul class=\"elementor-icon-list-items elementor-inline-items\">\n\t\t\t\t\t\t\t<li class=\"elementor-icon-list-item elementor-inline-item\">\n\t\t\t\t\t\t\t\t\t\t\t<a href=\"https:\/\/victorialanguages.com\/ca\/contacta\/\">\n\n\t\t\t\t\t\t\t\t\t\t\t<span class=\"elementor-icon-list-text\">Contacte<\/span>\n\t\t\t\t\t\t\t\t\t\t\t<\/a>\n\t\t\t\t\t\t\t\t\t<\/li>\n\t\t\t\t\t\t\t\t<li class=\"elementor-icon-list-item elementor-inline-item\">\n\t\t\t\t\t\t\t\t\t\t\t<span class=\"elementor-icon-list-icon\">\n\t\t\t\t\t\t\t<svg aria-hidden=\"true\" class=\"e-font-icon-svg e-fas-arrow-right\" viewBox=\"0 0 448 512\" xmlns=\"http:\/\/www.w3.org\/2000\/svg\"><path d=\"M190.5 66.9l22.2-22.2c9.4-9.4 24.6-9.4 33.9 0L441 239c9.4 9.4 9.4 24.6 0 33.9L246.6 467.3c-9.4 9.4-24.6 9.4-33.9 0l-22.2-22.2c-9.5-9.5-9.3-25 .4-34.3L311.4 296H24c-13.3 0-24-10.7-24-24v-32c0-13.3 10.7-24 24-24h287.4L190.9 101.2c-9.8-9.3-10-24.8-.4-34.3z\"><\/path><\/svg>\t\t\t\t\t\t<\/span>\n\t\t\t\t\t\t\t\t\t\t<span class=\"elementor-icon-list-text\"><\/span>\n\t\t\t\t\t\t\t\t\t<\/li>\n\t\t\t\t\t\t<\/ul>\n\t\t\t\t\t\t<\/div>\n\t\t\t\t<\/div>\n\t\t\t\t<\/div>\n\t\t\t\t<\/div>\n\t\t<div class=\"elementor-element elementor-element-7f07fb5 e-flex e-con-boxed e-con e-parent\" data-id=\"7f07fb5\" data-element_type=\"container\" data-e-type=\"container\" data-settings=\"{&quot;background_background&quot;:&quot;classic&quot;}\">\n\t\t\t\t\t<div class=\"e-con-inner\">\n\t\t<div class=\"elementor-element elementor-element-4be39d6 e-con-full e-flex e-con e-child\" data-id=\"4be39d6\" data-element_type=\"container\" data-e-type=\"container\">\n\t\t<div class=\"elementor-element elementor-element-a910610 e-con-full e-flex e-con e-child\" data-id=\"a910610\" data-element_type=\"container\" data-e-type=\"container\">\n\t\t<div class=\"elementor-element elementor-element-2485127 e-con-full e-flex e-con e-child\" data-id=\"2485127\" data-element_type=\"container\" data-e-type=\"container\">\n\t\t\t\t<div class=\"elementor-element elementor-element-65f6957 elementor-invisible elementor-widget elementor-widget-heading\" data-id=\"65f6957\" data-element_type=\"widget\" data-e-type=\"widget\" data-settings=\"{&quot;_animation&quot;:&quot;fadeInUp&quot;,&quot;_animation_delay&quot;:400}\" data-widget_type=\"heading.default\">\n\t\t\t\t\t<h2 class=\"elementor-heading-title elementor-size-default\">Experi\u00e8ncia<\/h2>\t\t\t\t<\/div>\n\t\t\t\t<\/div>\n\t\t<div class=\"elementor-element elementor-element-1f1c565 e-con-full e-flex e-con e-child\" data-id=\"1f1c565\" data-element_type=\"container\" data-e-type=\"container\">\n\t\t\t\t<div class=\"elementor-element elementor-element-0fc9f52 elementor-invisible elementor-widget elementor-widget-text-editor\" data-id=\"0fc9f52\" data-element_type=\"widget\" data-e-type=\"widget\" data-settings=\"{&quot;_animation&quot;:&quot;fadeIn&quot;,&quot;_animation_delay&quot;:500}\" data-widget_type=\"text-editor.default\">\n\t\t\t\t\t\t\t\t\t<p><span style=\"font-weight: 400;\">A Espanya hem format diverses generacions d&#8217;estudiants en castell\u00e0 com a idioma estranger. <\/span><\/p><p><span style=\"font-weight: 400;\">A m\u00e9s, hem treballat tamb\u00e9 com a formadores d&#8217;idiomes polon\u00e8s i rus per a empreses. <\/span><\/p><p><span style=\"font-weight: 400;\">Els nostres clients s\u00f3n empreses especialitzades en diversos sectors i els nostres estudiants s\u00f3n professionals: enginyers, advocats, directius de diferents perfils. <\/span><\/p>\t\t\t\t\t\t\t\t<\/div>\n\t\t\t\t<\/div>\n\t\t<div class=\"elementor-element elementor-element-f1e3514 e-con-full e-flex e-con e-child\" data-id=\"f1e3514\" data-element_type=\"container\" data-e-type=\"container\">\n\t\t\t\t<div class=\"elementor-element elementor-element-cd3d4b7 elementor-icon-list--layout-inline elementor-align-end e-transform elementor-mobile-align-start elementor-list-item-link-full_width elementor-widget elementor-widget-icon-list\" data-id=\"cd3d4b7\" data-element_type=\"widget\" data-e-type=\"widget\" data-settings=\"{&quot;_transform_translateX_effect_hover&quot;:{&quot;unit&quot;:&quot;px&quot;,&quot;size&quot;:5,&quot;sizes&quot;:[]},&quot;_transform_translateX_effect_hover_tablet&quot;:{&quot;unit&quot;:&quot;px&quot;,&quot;size&quot;:&quot;&quot;,&quot;sizes&quot;:[]},&quot;_transform_translateX_effect_hover_mobile&quot;:{&quot;unit&quot;:&quot;px&quot;,&quot;size&quot;:&quot;&quot;,&quot;sizes&quot;:[]},&quot;_transform_translateY_effect_hover&quot;:{&quot;unit&quot;:&quot;px&quot;,&quot;size&quot;:&quot;&quot;,&quot;sizes&quot;:[]},&quot;_transform_translateY_effect_hover_tablet&quot;:{&quot;unit&quot;:&quot;px&quot;,&quot;size&quot;:&quot;&quot;,&quot;sizes&quot;:[]},&quot;_transform_translateY_effect_hover_mobile&quot;:{&quot;unit&quot;:&quot;px&quot;,&quot;size&quot;:&quot;&quot;,&quot;sizes&quot;:[]}}\" data-widget_type=\"icon-list.default\">\n\t\t\t\t\t\t\t<ul class=\"elementor-icon-list-items elementor-inline-items\">\n\t\t\t\t\t\t\t<li class=\"elementor-icon-list-item elementor-inline-item\">\n\t\t\t\t\t\t\t\t\t\t\t<a href=\"https:\/\/victorialanguages.com\/ca\/els-nostres-cursos\/\">\n\n\t\t\t\t\t\t\t\t\t\t\t<span class=\"elementor-icon-list-text\">Cursos<\/span>\n\t\t\t\t\t\t\t\t\t\t\t<\/a>\n\t\t\t\t\t\t\t\t\t<\/li>\n\t\t\t\t\t\t\t\t<li class=\"elementor-icon-list-item elementor-inline-item\">\n\t\t\t\t\t\t\t\t\t\t\t<span class=\"elementor-icon-list-icon\">\n\t\t\t\t\t\t\t<svg aria-hidden=\"true\" class=\"e-font-icon-svg e-fas-arrow-right\" viewBox=\"0 0 448 512\" xmlns=\"http:\/\/www.w3.org\/2000\/svg\"><path d=\"M190.5 66.9l22.2-22.2c9.4-9.4 24.6-9.4 33.9 0L441 239c9.4 9.4 9.4 24.6 0 33.9L246.6 467.3c-9.4 9.4-24.6 9.4-33.9 0l-22.2-22.2c-9.5-9.5-9.3-25 .4-34.3L311.4 296H24c-13.3 0-24-10.7-24-24v-32c0-13.3 10.7-24 24-24h287.4L190.9 101.2c-9.8-9.3-10-24.8-.4-34.3z\"><\/path><\/svg>\t\t\t\t\t\t<\/span>\n\t\t\t\t\t\t\t\t\t\t<span class=\"elementor-icon-list-text\"><\/span>\n\t\t\t\t\t\t\t\t\t<\/li>\n\t\t\t\t\t\t<\/ul>\n\t\t\t\t\t\t<\/div>\n\t\t\t\t<\/div>\n\t\t\t\t<\/div>\n\t\t\t\t<\/div>\n\t\t\t\t\t<\/div>\n\t\t\t\t<\/div>\n\t\t\t\t<\/div>\n\t\t","protected":false},"excerpt":{"rendered":"<p>Qui som Som dues professores qualificades, docents. Som llicenciades de Filologia, especialitzades en idiomes: angl\u00e8s, castell\u00e0, polon\u00e8s i rus. Disposem de m\u00e9s de 15 anys d&#8217;experi\u00e8ncia en l&#8217;ensenyament d&#8217;idiomes i language coaching. Som pol\u00edglotes. Estem especialitzades en ensenyament d&#8217;idiomes per a perfil professional a diferents sectors. Tamb\u00e9 hem impartit classes d&#8217;idiomes a nens i adolescents. [&hellip;]<\/p>\n","protected":false},"author":1,"featured_media":1588,"parent":0,"menu_order":0,"comment_status":"closed","ping_status":"closed","template":"elementor_header_footer","meta":{"footnotes":""},"class_list":["post-641","page","type-page","status-publish","has-post-thumbnail","hentry"],"yoast_head":"<!-- This site is optimized with the Yoast SEO plugin v27.4 - https:\/\/yoast.com\/product\/yoast-seo-wordpress\/ -->\n<title>Professores d&#039;idiomes a Girona - Victoria Languages<\/title>\n<meta name=\"description\" content=\"Coneix les nostres professores d&#039;idiomes a Girona. M\u00e9s de 15 anys d&#039;experi\u00e8ncia ensenyant angl\u00e8s, castell\u00e0, rus i polon\u00e8s.\" \/>\n<meta name=\"robots\" content=\"index, follow, max-snippet:-1, max-image-preview:large, max-video-preview:-1\" \/>\n<link rel=\"canonical\" href=\"https:\/\/victorialanguages.com\/ca\/qui-som\/\" \/>\n<meta property=\"og:locale\" content=\"ca_ES\" \/>\n<meta property=\"og:type\" content=\"article\" \/>\n<meta property=\"og:title\" content=\"Professores d&#039;idiomes a Girona - Victoria Languages\" \/>\n<meta property=\"og:description\" content=\"Coneix les nostres professores d&#039;idiomes a Girona. M\u00e9s de 15 anys d&#039;experi\u00e8ncia ensenyant angl\u00e8s, castell\u00e0, rus i polon\u00e8s.\" \/>\n<meta property=\"og:url\" content=\"https:\/\/victorialanguages.com\/ca\/qui-som\/\" \/>\n<meta property=\"og:site_name\" content=\"Victoria Languages\" \/>\n<meta property=\"article:modified_time\" content=\"2025-07-23T18:41:59+00:00\" \/>\n<meta property=\"og:image\" content=\"https:\/\/victorialanguages.com\/wp-content\/uploads\/2024\/07\/victoria-idiomes-favicon.png\" \/>\n\t<meta property=\"og:image:width\" content=\"297\" \/>\n\t<meta property=\"og:image:height\" content=\"297\" \/>\n\t<meta property=\"og:image:type\" content=\"image\/png\" \/>\n<meta name=\"twitter:card\" content=\"summary_large_image\" \/>\n<meta name=\"twitter:label1\" content=\"Temps estimat de lectura\" \/>\n\t<meta name=\"twitter:data1\" content=\"1 minut\" \/>\n<script type=\"application\/ld+json\" class=\"yoast-schema-graph\">{\"@context\":\"https:\\\/\\\/schema.org\",\"@graph\":[{\"@type\":\"WebPage\",\"@id\":\"https:\\\/\\\/victorialanguages.com\\\/ca\\\/qui-som\\\/\",\"url\":\"https:\\\/\\\/victorialanguages.com\\\/ca\\\/qui-som\\\/\",\"name\":\"Professores d'idiomes a Girona - Victoria Languages\",\"isPartOf\":{\"@id\":\"https:\\\/\\\/victorialanguages.com\\\/ca\\\/#website\"},\"primaryImageOfPage\":{\"@id\":\"https:\\\/\\\/victorialanguages.com\\\/ca\\\/qui-som\\\/#primaryimage\"},\"image\":{\"@id\":\"https:\\\/\\\/victorialanguages.com\\\/ca\\\/qui-som\\\/#primaryimage\"},\"thumbnailUrl\":\"https:\\\/\\\/victorialanguages.com\\\/wp-content\\\/uploads\\\/2024\\\/07\\\/victoria-idiomes-favicon.png\",\"datePublished\":\"2024-07-08T09:56:06+00:00\",\"dateModified\":\"2025-07-23T18:41:59+00:00\",\"description\":\"Coneix les nostres professores d'idiomes a Girona. M\u00e9s de 15 anys d'experi\u00e8ncia ensenyant angl\u00e8s, castell\u00e0, rus i polon\u00e8s.\",\"breadcrumb\":{\"@id\":\"https:\\\/\\\/victorialanguages.com\\\/ca\\\/qui-som\\\/#breadcrumb\"},\"inLanguage\":\"ca\",\"potentialAction\":[{\"@type\":\"ReadAction\",\"target\":[\"https:\\\/\\\/victorialanguages.com\\\/ca\\\/qui-som\\\/\"]}]},{\"@type\":\"ImageObject\",\"inLanguage\":\"ca\",\"@id\":\"https:\\\/\\\/victorialanguages.com\\\/ca\\\/qui-som\\\/#primaryimage\",\"url\":\"https:\\\/\\\/victorialanguages.com\\\/wp-content\\\/uploads\\\/2024\\\/07\\\/victoria-idiomes-favicon.png\",\"contentUrl\":\"https:\\\/\\\/victorialanguages.com\\\/wp-content\\\/uploads\\\/2024\\\/07\\\/victoria-idiomes-favicon.png\",\"width\":297,\"height\":297},{\"@type\":\"BreadcrumbList\",\"@id\":\"https:\\\/\\\/victorialanguages.com\\\/ca\\\/qui-som\\\/#breadcrumb\",\"itemListElement\":[{\"@type\":\"ListItem\",\"position\":1,\"name\":\"Portada\",\"item\":\"https:\\\/\\\/victorialanguages.com\\\/ca\\\/inici\\\/\"},{\"@type\":\"ListItem\",\"position\":2,\"name\":\"Qui som\"}]},{\"@type\":\"WebSite\",\"@id\":\"https:\\\/\\\/victorialanguages.com\\\/ca\\\/#website\",\"url\":\"https:\\\/\\\/victorialanguages.com\\\/ca\\\/\",\"name\":\"Victoria Languages\",\"description\":\"Cursos de idiomas adaptados a ti\",\"publisher\":{\"@id\":\"https:\\\/\\\/victorialanguages.com\\\/ca\\\/#organization\"},\"potentialAction\":[{\"@type\":\"SearchAction\",\"target\":{\"@type\":\"EntryPoint\",\"urlTemplate\":\"https:\\\/\\\/victorialanguages.com\\\/ca\\\/?s={search_term_string}\"},\"query-input\":{\"@type\":\"PropertyValueSpecification\",\"valueRequired\":true,\"valueName\":\"search_term_string\"}}],\"inLanguage\":\"ca\"},{\"@type\":\"Organization\",\"@id\":\"https:\\\/\\\/victorialanguages.com\\\/ca\\\/#organization\",\"name\":\"Victoria Languages\",\"url\":\"https:\\\/\\\/victorialanguages.com\\\/ca\\\/\",\"logo\":{\"@type\":\"ImageObject\",\"inLanguage\":\"ca\",\"@id\":\"https:\\\/\\\/victorialanguages.com\\\/ca\\\/#\\\/schema\\\/logo\\\/image\\\/\",\"url\":\"https:\\\/\\\/victorialanguages.com\\\/wp-content\\\/uploads\\\/2024\\\/07\\\/victoria-idiomes-favicon.png\",\"contentUrl\":\"https:\\\/\\\/victorialanguages.com\\\/wp-content\\\/uploads\\\/2024\\\/07\\\/victoria-idiomes-favicon.png\",\"width\":297,\"height\":297,\"caption\":\"Victoria Languages\"},\"image\":{\"@id\":\"https:\\\/\\\/victorialanguages.com\\\/ca\\\/#\\\/schema\\\/logo\\\/image\\\/\"}}]}<\/script>\n<!-- \/ Yoast SEO plugin. -->","yoast_head_json":{"title":"Professores d'idiomes a Girona - Victoria Languages","description":"Coneix les nostres professores d'idiomes a Girona. M\u00e9s de 15 anys d'experi\u00e8ncia ensenyant angl\u00e8s, castell\u00e0, rus i polon\u00e8s.","robots":{"index":"index","follow":"follow","max-snippet":"max-snippet:-1","max-image-preview":"max-image-preview:large","max-video-preview":"max-video-preview:-1"},"canonical":"https:\/\/victorialanguages.com\/ca\/qui-som\/","og_locale":"ca_ES","og_type":"article","og_title":"Professores d'idiomes a Girona - Victoria Languages","og_description":"Coneix les nostres professores d'idiomes a Girona. M\u00e9s de 15 anys d'experi\u00e8ncia ensenyant angl\u00e8s, castell\u00e0, rus i polon\u00e8s.","og_url":"https:\/\/victorialanguages.com\/ca\/qui-som\/","og_site_name":"Victoria Languages","article_modified_time":"2025-07-23T18:41:59+00:00","og_image":[{"width":297,"height":297,"url":"https:\/\/victorialanguages.com\/wp-content\/uploads\/2024\/07\/victoria-idiomes-favicon.png","type":"image\/png"}],"twitter_card":"summary_large_image","twitter_misc":{"Temps estimat de lectura":"1 minut"},"schema":{"@context":"https:\/\/schema.org","@graph":[{"@type":"WebPage","@id":"https:\/\/victorialanguages.com\/ca\/qui-som\/","url":"https:\/\/victorialanguages.com\/ca\/qui-som\/","name":"Professores d'idiomes a Girona - Victoria Languages","isPartOf":{"@id":"https:\/\/victorialanguages.com\/ca\/#website"},"primaryImageOfPage":{"@id":"https:\/\/victorialanguages.com\/ca\/qui-som\/#primaryimage"},"image":{"@id":"https:\/\/victorialanguages.com\/ca\/qui-som\/#primaryimage"},"thumbnailUrl":"https:\/\/victorialanguages.com\/wp-content\/uploads\/2024\/07\/victoria-idiomes-favicon.png","datePublished":"2024-07-08T09:56:06+00:00","dateModified":"2025-07-23T18:41:59+00:00","description":"Coneix les nostres professores d'idiomes a Girona. M\u00e9s de 15 anys d'experi\u00e8ncia ensenyant angl\u00e8s, castell\u00e0, rus i polon\u00e8s.","breadcrumb":{"@id":"https:\/\/victorialanguages.com\/ca\/qui-som\/#breadcrumb"},"inLanguage":"ca","potentialAction":[{"@type":"ReadAction","target":["https:\/\/victorialanguages.com\/ca\/qui-som\/"]}]},{"@type":"ImageObject","inLanguage":"ca","@id":"https:\/\/victorialanguages.com\/ca\/qui-som\/#primaryimage","url":"https:\/\/victorialanguages.com\/wp-content\/uploads\/2024\/07\/victoria-idiomes-favicon.png","contentUrl":"https:\/\/victorialanguages.com\/wp-content\/uploads\/2024\/07\/victoria-idiomes-favicon.png","width":297,"height":297},{"@type":"BreadcrumbList","@id":"https:\/\/victorialanguages.com\/ca\/qui-som\/#breadcrumb","itemListElement":[{"@type":"ListItem","position":1,"name":"Portada","item":"https:\/\/victorialanguages.com\/ca\/inici\/"},{"@type":"ListItem","position":2,"name":"Qui som"}]},{"@type":"WebSite","@id":"https:\/\/victorialanguages.com\/ca\/#website","url":"https:\/\/victorialanguages.com\/ca\/","name":"Victoria Languages","description":"Cursos de idiomas adaptados a ti","publisher":{"@id":"https:\/\/victorialanguages.com\/ca\/#organization"},"potentialAction":[{"@type":"SearchAction","target":{"@type":"EntryPoint","urlTemplate":"https:\/\/victorialanguages.com\/ca\/?s={search_term_string}"},"query-input":{"@type":"PropertyValueSpecification","valueRequired":true,"valueName":"search_term_string"}}],"inLanguage":"ca"},{"@type":"Organization","@id":"https:\/\/victorialanguages.com\/ca\/#organization","name":"Victoria Languages","url":"https:\/\/victorialanguages.com\/ca\/","logo":{"@type":"ImageObject","inLanguage":"ca","@id":"https:\/\/victorialanguages.com\/ca\/#\/schema\/logo\/image\/","url":"https:\/\/victorialanguages.com\/wp-content\/uploads\/2024\/07\/victoria-idiomes-favicon.png","contentUrl":"https:\/\/victorialanguages.com\/wp-content\/uploads\/2024\/07\/victoria-idiomes-favicon.png","width":297,"height":297,"caption":"Victoria Languages"},"image":{"@id":"https:\/\/victorialanguages.com\/ca\/#\/schema\/logo\/image\/"}}]}},"_links":{"self":[{"href":"https:\/\/victorialanguages.com\/ca\/wp-json\/wp\/v2\/pages\/641","targetHints":{"allow":["GET"]}}],"collection":[{"href":"https:\/\/victorialanguages.com\/ca\/wp-json\/wp\/v2\/pages"}],"about":[{"href":"https:\/\/victorialanguages.com\/ca\/wp-json\/wp\/v2\/types\/page"}],"author":[{"embeddable":true,"href":"https:\/\/victorialanguages.com\/ca\/wp-json\/wp\/v2\/users\/1"}],"replies":[{"embeddable":true,"href":"https:\/\/victorialanguages.com\/ca\/wp-json\/wp\/v2\/comments?post=641"}],"version-history":[{"count":7,"href":"https:\/\/victorialanguages.com\/ca\/wp-json\/wp\/v2\/pages\/641\/revisions"}],"predecessor-version":[{"id":1631,"href":"https:\/\/victorialanguages.com\/ca\/wp-json\/wp\/v2\/pages\/641\/revisions\/1631"}],"wp:featuredmedia":[{"embeddable":true,"href":"https:\/\/victorialanguages.com\/ca\/wp-json\/wp\/v2\/media\/1588"}],"wp:attachment":[{"href":"https:\/\/victorialanguages.com\/ca\/wp-json\/wp\/v2\/media?parent=641"}],"curies":[{"name":"wp","href":"https:\/\/api.w.org\/{rel}","templated":true}]}}